{"id":308,"date":"2023-06-15T10:20:33","date_gmt":"2023-06-15T10:20:33","guid":{"rendered":"https:\/\/netosona.cat\/nova\/?page_id=308"},"modified":"2024-05-29T09:55:43","modified_gmt":"2024-05-29T09:55:43","slug":"politica-de-privacitat-i-proteccio-de-dades","status":"publish","type":"page","link":"https:\/\/netosona.cat\/es\/politica-de-privacitat-i-proteccio-de-dades\/","title":{"rendered":"POL\u00cdTICA DE PRIVACIDAD Y PROTECCI\u00d3N DE DATOS"},"content":{"rendered":"<div data-elementor-type=\"wp-page\" data-elementor-id=\"308\" class=\"elementor elementor-308\">\n\t\t\t\t\t\t<section class=\"elementor-section elementor-top-section elementor-element elementor-element-705b831 elementor-section-boxed elementor-section-height-default elementor-section-height-default\" data-id=\"705b831\" data-element_type=\"section\">\n\t\t\t\t\t\t<div class=\"elementor-container elementor-column-gap-default\">\n\t\t\t\t\t<div class=\"elementor-column elementor-col-100 elementor-top-column elementor-element elementor-element-14a4a0a\" data-id=\"14a4a0a\" data-element_type=\"column\">\n\t\t\t<div class=\"elementor-widget-wrap elementor-element-populated\">\n\t\t\t\t\t\t<div class=\"elementor-element elementor-element-1bd9b54 elementor-widget elementor-widget-text-editor\" data-id=\"1bd9b54\" data-element_type=\"widget\" data-widget_type=\"text-editor.default\">\n\t\t\t\t<div class=\"elementor-widget-container\">\n\t\t\t<style>\/*! elementor - v3.21.0 - 26-05-2024 *\/\n.elementor-widget-text-editor.elementor-drop-cap-view-stacked .elementor-drop-cap{background-color:#69727d;color:#fff}.elementor-widget-text-editor.elementor-drop-cap-view-framed .elementor-drop-cap{color:#69727d;border:3px solid;background-color:transparent}.elementor-widget-text-editor:not(.elementor-drop-cap-view-default) .elementor-drop-cap{margin-top:8px}.elementor-widget-text-editor:not(.elementor-drop-cap-view-default) .elementor-drop-cap-letter{width:1em;height:1em}.elementor-widget-text-editor .elementor-drop-cap{float:left;text-align:center;line-height:1;font-size:50px}.elementor-widget-text-editor .elementor-drop-cap-letter{display:inline-block}<\/style>\t\t\t\t<p><span style=\"color: #000000;\">Responsable del tratamiento:<\/span><br \/><br \/><span style=\"color: #000000;\">Raz\u00f3n Social: NETOSONA, S.L.<\/span><br \/><span style=\"color: #000000;\">Domicilio Social: domicilio en calle Girona, n\u00famero 30 de Torello (08570).<\/span><br \/><span style=\"color: #000000;\">Correo electr\u00f3nico: netosona@netosona.cat<\/span><br \/><span style=\"color: #000000;\">CIF: B01980689<\/span><br \/><br \/><span style=\"color: #000000;\">A trav\u00e9s del presente aviso, NETOSONA, S.L. informa a los usuarios del sitio web que, en cumplimiento del Reglamento (UE) 2016\/679 del Parlamento Europeo y del Consejo de 27 de abril de 2016 relativo a la Protecci\u00f3n de las Personas F\u00edsicas respecto al tratamiento de datos personales ya la libre circulaci\u00f3n de datos (en adelante, RGPD) y la Ley Org\u00e1nica 3\/2018, de 5 de diciembre, de Protecci\u00f3n de Datos Personales y garant\u00eda de los derechos digitales, los datos personales facilitados ser\u00e1n incorporados a nuestro fichero titularidad de NETOSONA, S.L.<\/span><br \/><br \/><span style=\"color: #000000;\">El acceso a nuestro sitio Web no exige que el usuario realice un registro previo. Sin embargo, el acceso y navegaci\u00f3n a trav\u00e9s de este sitio Web supone que el usuario acepta en su totalidad la presente pol\u00edtica de privacidad y la de cookies.<\/span><br \/><br \/><span style=\"color: #000000;\">I. Legitimaci\u00f3n del tratamiento<\/span><br \/><br \/><span style=\"color: #000000;\">La legitimaci\u00f3n para realizar el tratamiento de los datos de los usuarios se encuentra en el consentimiento del interesado, solicitado por el caso concreto.<\/span><br \/><span style=\"color: #000000;\">Per la seva banda, la gesti\u00f3 de la contractaci\u00f3 de serveis, pagament, facturaci\u00f3 i enviaments corresponents, est\u00e0 legitimada per la pr\u00f2pia execuci\u00f3 del contracte.<\/span><br \/><span style=\"color: #000000;\">El tratamiento de los datos con el fin de remitir boletines electr\u00f3nicos sobre servicios, eventos, y noticias relacionadas con nuestra actividad profesional, se basa en el inter\u00e9s leg\u00edtimo de la empresa por llevar a cabo estos tratamientos de acuerdo con la normativa vigente .<\/span><br \/><span style=\"color: #000000;\">En relaci\u00f3n con la remisi\u00f3n de su Curr\u00edculum Vitae, la legitimaci\u00f3n de su tratamiento se basa en el consentimiento del usuario que remite sus datos, quien puede retirar en cualquier momento, aunque esto har\u00eda que su candidatura no pudiera ser tenida en cuenta en nuestros procesos de selecci\u00f3n de personal. Sin embargo, la retirada de su consentimiento no afectar\u00e1 a la licitud de los tratamientos efectuados con anterioridad.<\/span><br \/><span style=\"color: #000000;\">Igualmente, podr\u00e1 utilizarse la informaci\u00f3n del usuario para el cumplimiento de las diferentes obligaciones legales de la empresa.<\/span><br \/><br \/><span style=\"color: #000000;\">II. Finalidad del tratamiento<\/span><br \/><br \/><span style=\"color: #000000;\">Le informamos que se recogen exclusivamente aquellos datos necesarios para el correcto desarrollo de la relaci\u00f3n existente entre las partes, y en concreto, por alguna\/s de las siguientes finalidades:<\/span><br \/><span style=\"color: #000000;\">\u2212 Gestionar la contrataci\u00f3n de servicios y aquellas gestiones administrativas propias de la relaci\u00f3n comercial existente.\n\u2212 Gestionar el uso de cualquiera de aquellas funcionalidades que se pone a su disposici\u00f3n en este sitio web, incluyendo, de forma enunciativa y por tanto, no limitativa, las consultas o solicitudes de informaci\u00f3n.<\/span><br \/><span style=\"color: #000000;\">\u2212 Gestionar la realizaci\u00f3n de campa\u00f1as publicitarias a trav\u00e9s de dispositivos de seguimiento de la actividad de los destinatarios con el fin de conocer la apertura de correos y la pulsaci\u00f3n de los enlaces contenidos en el mismo para elaborar con la informaci\u00f3n recogida, informes de seguimiento de las campa\u00f1as.<\/span><br \/><span style=\"color: #000000;\">\u2212 Gestionar la remesa de su Curr\u00edculum Vitae.<\/span><br \/><br \/><span style=\"color: #000000;\">El usuario garantiza la autenticidad de los datos comunicados y ser\u00e1 el \u00fanico responsable de las manifestaciones falsas o inexactas. Los datos de car\u00e1cter personal que nos facilite ser\u00e1n siempre tratados de conformidad con el RGPD.<\/span><br \/><span style=\"color: #000000;\">Le comunicamos que la empresa es el destinatario final de estos datos y es quien decide sobre la finalidad, contenido y uso del tratamiento de los datos de car\u00e1cter personal que nos faciliten los usuarios.<\/span><br \/><br \/><span style=\"color: #000000;\">III. Comunicaci\u00f3n de datos<\/span><br \/><br \/><span style=\"color: #000000;\">Le recordamos que no se realizar\u00e1n cesiones a terceros, excepto en caos de obligaci\u00f3n legal.<\/span><br \/><br \/><span style=\"color: #000000;\">IV. Medidas de seguridad<\/span><br \/><br \/><span style=\"color: #000000;\">De acuerdo con la normativa vigente, la empresa garantiza que ha adoptado todas las medidas t\u00e9cnicas y organizativas necesarias para mantener el nivel de seguridad requerido en atenci\u00f3n a la naturaleza de los datos personales tratados.<\/span><br \/><span style=\"color: #000000;\">La empresa pone de manifiesto su compromiso con la protecci\u00f3n de los datos personales y la privacidad de los usuarios, y lleva a cabo las medidas de seguridad t\u00e9cnicas necesarias para evitar su p\u00e9rdida, manipulaci\u00f3n, difusi\u00f3n o alteraci\u00f3n.<\/span><br \/><br \/><span style=\"color: #000000;\">V. Per\u00edodo de conservaci\u00f3n de datos<\/span><br \/><br \/><span style=\"color: #000000;\">Le informamos que sus datos ser\u00e1n suprimidos en el momento que revoque su consentimiento, procediendo a su destrucci\u00f3n, excepto en el caso de que exista una norma legal que requiera su conservaci\u00f3n, procediendo, en este caso, al bloqueo de los datos hasta que transcurra el plazo de conservaci\u00f3n.<\/span><br \/><br \/><span style=\"color: #000000;\">VI. Derechos de los usuarios<\/span><br \/><br \/><span style=\"color: #000000;\">Por \u00faltimo, tambi\u00e9n le informamos que en cualquier momento puede ejercer los derechos de acceso, rectificaci\u00f3n, supresi\u00f3n, limitaci\u00f3n, portabilidad y oposici\u00f3n respecto a sus datos de car\u00e1cter personal previstos en la normativa en materia de protecci\u00f3n de datos, enviando un escrito acompa\u00f1ado de una fotocopia del documento de identidad en el correo electr\u00f3nico de la empresa netosona@netosona.cat<\/span><br \/><span style=\"color: #000000;\">En concreto, puede ejercer los derechos que se desarrollan a continuaci\u00f3n:<\/span><br \/><span style=\"color: #000000;\">- Revocar los consentimiento otorgados.<\/span><br \/><span style=\"color: #000000;\">- Obtener confirmaci\u00f3n sobre si la empresa est\u00e1 tratando datos personales que lo conciernan o no.<\/span><br \/><span style=\"color: #000000;\">- Acceder a sus datos personales.<\/span><br \/><span style=\"color: #000000;\">- Rectificar los datos inexactos o incompletos.<\/span><br \/><span style=\"color: #000000;\">- Solicitar la supresi\u00f3n de sus datos cuando, entre otros motivos, los datos ya no sean necesarios para las finalidades para las cuales fueron recogidos.<\/span><br \/><span style=\"color: #000000;\">- Ejercer la limitaci\u00f3n del tratamiento de datos cuando se cumpla alguna de las condiciones previstas en la normativa de protecci\u00f3n de datos.<\/span><br \/><span style=\"color: #000000;\">\u2212 En determinadas circunstancias y por motivos relacionados con su situaci\u00f3n particular al tratamiento de sus datos, los interesados \u200b\u200bpodr\u00e1n oponerse al tratamiento de sus datos. La empresa dejar\u00e1 de tratar los datos, excepto por motivos leg\u00edtimos imperiosos, o el ejercicio o la defensa de posibles reclamaciones.<\/span><br \/><span style=\"color: #000000;\">- Obtener intervenci\u00f3n humana, a expresar su punto de vista e impugnar las decisiones automatizadas adoptadas por parte de la empresa si es el caso.<\/span><br \/><span style=\"color: #000000;\">- Solicitar la portabilidad de sus datos.<\/span><br \/><span style=\"color: #000000;\">Este sitio web puede contener enlaces a p\u00e1ginas externas, la empresa no asume responsabilidad alguna sobre los contenidos ni sobre cualquier otro aspecto relacionado con estas p\u00e1ginas o sitios web.<\/span><br \/><span style=\"color: #000000;\">La empresa se reserva el derecho de modificar la presente pol\u00edtica de privacidad de acuerdo a su propio criterio, o motivado por un cambio legal, jurisprudencial, o doctrinal de la Agencia Espa\u00f1ola de Protecci\u00f3n de Datos.<\/span><br \/><span style=\"color: #000000;\">El uso de la web despu\u00e9s de los cambios, implicar\u00e1 la aceptaci\u00f3n de los mismos.<\/span><br \/><span style=\"color: #000000;\">En caso de disconformidad en relaci\u00f3n a la tramitaci\u00f3n de sus datos puede presentar una reclamaci\u00f3n ante la Agencia Espa\u00f1ola de Protecci\u00f3n de Datos, organismo que ostenta la autoridad de control en la materia, ubicada en C\/ Jorge Juan, 6 de Madrid ( CP 28001).<\/span><\/p>\t\t\t\t\t\t<\/div>\n\t\t\t\t<\/div>\n\t\t\t\t\t<\/div>\n\t\t<\/div>\n\t\t\t\t\t<\/div>\n\t\t<\/section>\n\t\t\t\t<\/div>","protected":false},"excerpt":{"rendered":"<p>Responsable del tractament: Ra\u00f3 Social: NETOSONA, S.L.Domicili Social: domicili al carrer Girona, n\u00famero 30 de Torello (08570).Correu electr\u00f2nic: netosona@netosona.catCIF: B01980689 &hellip; <\/p>","protected":false},"author":1,"featured_media":0,"parent":0,"menu_order":0,"comment_status":"closed","ping_status":"closed","template":"elementor_header_footer","meta":{"footnotes":""},"class_list":["post-308","page","type-page","status-publish","hentry"],"aioseo_notices":[],"_links":{"self":[{"href":"https:\/\/netosona.cat\/es\/wp-json\/wp\/v2\/pages\/308","targetHints":{"allow":["GET"]}}],"collection":[{"href":"https:\/\/netosona.cat\/es\/wp-json\/wp\/v2\/pages"}],"about":[{"href":"https:\/\/netosona.cat\/es\/wp-json\/wp\/v2\/types\/page"}],"author":[{"embeddable":true,"href":"https:\/\/netosona.cat\/es\/wp-json\/wp\/v2\/users\/1"}],"replies":[{"embeddable":true,"href":"https:\/\/netosona.cat\/es\/wp-json\/wp\/v2\/comments?post=308"}],"version-history":[{"count":3,"href":"https:\/\/netosona.cat\/es\/wp-json\/wp\/v2\/pages\/308\/revisions"}],"predecessor-version":[{"id":311,"href":"https:\/\/netosona.cat\/es\/wp-json\/wp\/v2\/pages\/308\/revisions\/311"}],"wp:attachment":[{"href":"https:\/\/netosona.cat\/es\/wp-json\/wp\/v2\/media?parent=308"}],"curies":[{"name":"wp","href":"https:\/\/api.w.org\/{rel}","templated":true}]}}